{"id":3,"date":"2021-06-10T18:38:11","date_gmt":"2021-06-10T18:38:11","guid":{"rendered":"http:\/\/iphabogados.es\/?page_id=3"},"modified":"2021-07-27T12:13:02","modified_gmt":"2021-07-27T12:13:02","slug":"politica-de-privacidad","status":"publish","type":"page","link":"https:\/\/iphabogados.es\/index.php\/politica-de-privacidad\/","title":{"rendered":"Politica de privacidad"},"content":{"rendered":"\n<p>P<strong><u>OL\u00cdTICA DE PRIVACIDAD<\/u><\/strong><\/p>\n\n\n\n<p><strong>1.&nbsp;&nbsp;&nbsp;&nbsp;&nbsp;&nbsp;<\/strong><strong>IDENTIFICACI\u00d3N DEL RESPONSABLE DEL TRATAMIENTO<\/strong><\/p>\n\n\n\n<p>La persona responsable del tratamiento de sus datos personales que pueda facilitar durante el uso de la p\u00e1gina web&nbsp;<a href=\"http:\/\/www.iphabogados.es\/\">www.iphabogados.es<\/a>&nbsp;es Pilar Hern\u00e1ndez Castillo con domicilio en Pol\u00edgono Industrial San Carlos, S\/N, Centro Empresarial Ramon\u00b4s, Carretera Nacional 340, km 29200, CP 03370 Redov\u00e1n, Alicante.&nbsp;<\/p>\n\n\n\n<p>En este sentido, la presente Pol\u00edtica de Privacidad tiene por objeto facilitar informaci\u00f3n sobre los derechos que le asisten en virtud del Reglamento General de Protecci\u00f3n de Datos. Si tiene cualquier duda relativa al tratamiento de sus datos personales, contacte con la cuenta de correo electr\u00f3nico&nbsp;<a href=\"mailto:iphernandezabogados@gmail.com\">iphernandezabogados@gmail.com<\/a><\/p>\n\n\n\n<p><strong>2.&nbsp;&nbsp;&nbsp;&nbsp;&nbsp;&nbsp;<\/strong><strong>TRATAMIENTO DE DATOS<\/strong><\/p>\n\n\n\n<p>La persona responsable podr\u00e1 recoger datos de informaci\u00f3n personal tales como nombre, apellidos, domicilio, correo electr\u00f3nico, n\u00famero de tel\u00e9fono, idioma, etc.<\/p>\n\n\n\n<p>En este sentido, cuando se pide que rellene sus datos personales para darle acceso a alg\u00fan servicio de la web, aparecer\u00e1n algunos campos como obligatorios, puesto que son datos que necesitamos para poder prestarle el servicio o darle acceso a la funcionalidad en cuesti\u00f3n.&nbsp;<\/p>\n\n\n\n<p>De tal modo que, en caso de que omita alguno de los campos obligatorios es posible que no se le pueda facilitar los servicios solicitados.&nbsp;<\/p>\n\n\n\n<p><strong>3.&nbsp;&nbsp;&nbsp;&nbsp;&nbsp;&nbsp;<\/strong><strong>FINALIDAD DEL TRATAMIENTO DE LOS DATOS PERSONALES Y BASE LEGAL<\/strong><\/p>\n\n\n\n<p>La finalidad del tratamiento de sus datos personales es gestionar y atender sus peticiones o consultas planteadas a trav\u00e9s del formulario de consulta y la base legal que permite tratar sus datos personales es el consentimiento informado para dar respuesta a las consultas planteadas a trav\u00e9s de la p\u00e1gina web, lo que supone la aceptaci\u00f3n de estas condiciones por parte del interesado y, asimismo el inter\u00e9s leg\u00edtimo de atender las solicitudes de informaci\u00f3n.<\/p>\n\n\n\n<p><strong>4.&nbsp;&nbsp;&nbsp;&nbsp;&nbsp;&nbsp;<\/strong><strong>PLAZO DE CONSERVACI\u00d3N DE LOS DATOS<\/strong><\/p>\n\n\n\n<p>Los datos ser\u00e1n conservados mientras sean necesarios para atender la solicitud o petici\u00f3n planteada y, una vez finalizado ello, durante el plazo por el cu\u00e1l pudieran derivarse responsabilidad por el o los servicios prestados.<\/p>\n\n\n\n<p><strong>5.&nbsp;&nbsp;&nbsp;&nbsp;&nbsp;&nbsp;<\/strong><strong>DESTINATARIOS<\/strong><\/p>\n\n\n\n<p>A los efectos de cumplir con las finalidades indicadas en la presente Pol\u00edtica de Privacidad, es necesario que demos acceso a sus datos personales a los proveedores de servicios tecnol\u00f3gicos y a los terceros respecto de los que exista obligaci\u00f3n legal.&nbsp;<\/p>\n\n\n\n<p><strong>6.&nbsp;&nbsp;&nbsp;&nbsp;&nbsp;&nbsp;<\/strong><strong>RESPONSABILIDAD<\/strong><\/p>\n\n\n\n<p>El Usuario ser\u00e1 responsable de que los datos que facilite a trav\u00e9s del sitio Web&nbsp;sean verdaderos, exactos, completos y actualizados, respondiendo de la veracidad de todos los datos que comunique.<\/p>\n\n\n\n<p>En este sentido, el usuario se compromete a comunicarnos cualquier modificaci\u00f3n que se produzca en sus datos personales.<\/p>\n\n\n\n<p>Igualmente, el Usuario ser\u00e1 responsable de las informaciones falsas o inexactas que proporcione y de los da\u00f1os y perjuicios, directos o indirectos, que ello cause a&nbsp;nosotros o a terceros.<\/p>\n\n\n\n<p><strong>7.&nbsp;&nbsp;&nbsp;&nbsp;&nbsp;&nbsp;<\/strong><strong>DERECHO SOBRE SUS DATOS<\/strong><\/p>\n\n\n\n<p>Le informamos de que podr\u00e1 ejercer los siguientes derechos:<\/p>\n\n\n\n<p>i.&nbsp;&nbsp;&nbsp;&nbsp;&nbsp;&nbsp;&nbsp;&nbsp;&nbsp;&nbsp;&nbsp;&nbsp;&nbsp;&nbsp;&nbsp;&nbsp;&nbsp;derecho de acceso a sus datos personales para saber cu\u00e1les est\u00e1n siendo objeto de tratamiento.&nbsp;<\/p>\n\n\n\n<p>ii.&nbsp;&nbsp;&nbsp;&nbsp;&nbsp;&nbsp;&nbsp;&nbsp;&nbsp;&nbsp;&nbsp;&nbsp;&nbsp;&nbsp;&nbsp;derecho de rectificaci\u00f3n de cualquier dato personal inexacto<\/p>\n\n\n\n<p>iii.&nbsp;&nbsp;&nbsp;&nbsp;&nbsp;&nbsp;&nbsp;&nbsp;&nbsp;&nbsp;&nbsp;&nbsp;&nbsp;&nbsp;derecho de supresi\u00f3n de sus datos personales, siempre y cuando no estemos obligados a conservar los mismos por motivos legales o de seguridad.&nbsp;<\/p>\n\n\n\n<p>iv.&nbsp;&nbsp;&nbsp;&nbsp;&nbsp;&nbsp;&nbsp;&nbsp;&nbsp;&nbsp;&nbsp;&nbsp;&nbsp;&nbsp;En determinadas circunstancias, limitar la recopilaci\u00f3n o uso de la informaci\u00f3n que es proporcionada en nuestro sitio web.&nbsp;<\/p>\n\n\n\n<p>v.&nbsp;&nbsp;&nbsp;&nbsp;&nbsp;&nbsp;&nbsp;&nbsp;&nbsp;&nbsp;&nbsp;&nbsp;&nbsp;&nbsp;&nbsp;&nbsp;derecho de oposici\u00f3n al tratamiento de sus datos personales<\/p>\n\n\n\n<p>vi.&nbsp;&nbsp;&nbsp;&nbsp;&nbsp;&nbsp;&nbsp;&nbsp;&nbsp;&nbsp;&nbsp;&nbsp;&nbsp;&nbsp;derecho a revocar su consentimiento prestado para el tratamiento de sus datos en cualquier momento.<\/p>\n\n\n\n<p>Podr\u00e1 ejercitar sus derechos en cualquier momento dirigiendo un correo electr\u00f3nico a&nbsp;<a href=\"mailto:iphernandezabogados@gmail.com\">iphernandezabogados@gmail.com<\/a>&nbsp;o bien a la direcci\u00f3n postal antes referida, indicando el derecho que desea ejercitar y sus datos con documentaci\u00f3n acreditativa de su identidad.<\/p>\n\n\n\n<p>Por \u00faltimo, le informamos de su derecho a presentar una reclamaci\u00f3n ante la Agencia Espa\u00f1ola de Protecci\u00f3n de Datos si considera que se ha cometido una infracci\u00f3n de la legislaci\u00f3n en materia de protecci\u00f3n de datos respecto al tratamiento de sus datos personales.<\/p>\n\n\n\n<p><strong>8.&nbsp;&nbsp;&nbsp;&nbsp;&nbsp;&nbsp;<\/strong><strong>SEGURIDAD&nbsp;<\/strong><\/p>\n\n\n\n<p>La persona responsable del tratamiento de sus datos<strong>&nbsp;t<\/strong>ratar\u00e1 los datos del Usuario en todo momento de forma confidencial y guardando el preceptivo deber de secreto respecto de los mismos, de conformidad con lo previsto en la normativa de aplicaci\u00f3n, adoptando al efecto las medidas de \u00edndole t\u00e9cnica y organizativas necesarias que garanticen la seguridad de sus datos y eviten su alteraci\u00f3n, p\u00e9rdida, tratamiento o acceso no autorizado.&nbsp;<\/p>\n\n\n\n<p><strong>9.&nbsp;&nbsp;&nbsp;&nbsp;&nbsp;&nbsp;<\/strong><strong>CAMBIOS POL\u00cdTICA DE PRIVACIDAD.<\/strong><\/p>\n\n\n\n<p>La persona responsable del tratamiento de sus datos se reserva el derecho a modificar la presente Pol\u00edtica de Privacidad a fin de adaptarla a las novedades legislativas que fueran procedentes. En dichos supuestos, anunciar\u00e1 en el Sitio Web los cambios introducidos con una antelaci\u00f3n razonable a la de su puesta en pr\u00e1ctica.<\/p>\n","protected":false},"excerpt":{"rendered":"<p>POL\u00cdTICA DE PRIVACIDAD 1.&nbsp;&nbsp;&nbsp;&nbsp;&nbsp;&nbsp;IDENTIFICACI\u00d3N DEL RESPONSABLE DEL TRATAMIENTO La persona responsable del tratamiento de sus datos personales que pueda facilitar durante el uso de la p\u00e1gina web&nbsp;www.iphabogados.es&nbsp;es Pilar Hern\u00e1ndez Castillo con domicilio en Pol\u00edgono Industrial San Carlos, S\/N, Centro Empresarial &hellip; <\/p>\n","protected":false},"author":1,"featured_media":0,"parent":0,"menu_order":0,"comment_status":"closed","ping_status":"closed","template":"","meta":[],"_links":{"self":[{"href":"https:\/\/iphabogados.es\/index.php\/wp-json\/wp\/v2\/pages\/3"}],"collection":[{"href":"https:\/\/iphabogados.es\/index.php\/wp-json\/wp\/v2\/pages"}],"about":[{"href":"https:\/\/iphabogados.es\/index.php\/wp-json\/wp\/v2\/types\/page"}],"author":[{"embeddable":true,"href":"https:\/\/iphabogados.es\/index.php\/wp-json\/wp\/v2\/users\/1"}],"replies":[{"embeddable":true,"href":"https:\/\/iphabogados.es\/index.php\/wp-json\/wp\/v2\/comments?post=3"}],"version-history":[{"count":3,"href":"https:\/\/iphabogados.es\/index.php\/wp-json\/wp\/v2\/pages\/3\/revisions"}],"predecessor-version":[{"id":41,"href":"https:\/\/iphabogados.es\/index.php\/wp-json\/wp\/v2\/pages\/3\/revisions\/41"}],"wp:attachment":[{"href":"https:\/\/iphabogados.es\/index.php\/wp-json\/wp\/v2\/media?parent=3"}],"curies":[{"name":"wp","href":"https:\/\/api.w.org\/{rel}","templated":true}]}}