{"id":2,"date":"2021-06-10T18:38:11","date_gmt":"2021-06-10T18:38:11","guid":{"rendered":"http:\/\/iphabogados.es\/?page_id=2"},"modified":"2021-07-27T12:18:02","modified_gmt":"2021-07-27T12:18:02","slug":"inicio","status":"publish","type":"page","link":"https:\/\/iphabogados.es\/","title":{"rendered":"Inicio"},"content":{"rendered":"\n<p>Bienvenido\/a a la p\u00e1gina web de iphabogados:<\/p>\n\n\n\n<blockquote class=\"wp-block-quote\"><p>Somo un equipo de abogados profesionales con una alta cualificaci\u00f3n, larga trayectoria profesional y experiencia, que est\u00e1 en continuo avance e innovaci\u00f3n.<\/p><\/blockquote>\n\n\n\n<blockquote class=\"wp-block-quote\"><p>Nuestro principal objetivo es proporcionar un buen servicio multidisciplinar al cliente, ya sea particular o empresa, bajo los principios de transparencia, confianza y trato personal.<\/p><\/blockquote>\n\n\n\n<blockquote class=\"wp-block-quote\"><p>Nos caracterizamos por estar en contin\u00faa formaci\u00f3n en un mundo y una sociedada que as\u00ed lo requiere por estar en constante cambio.<\/p><\/blockquote>\n\n\n\n<p>Ofrecemos en todo el territorio nacional:<\/p>\n\n\n\n<ul><li>Asesoramiento jur\u00eddico en diversas \u00e1reas del derecho, tratando de dar respuesta a tus problemas jur\u00eddicos tanto judicial como extrajudicialmente<\/li><li>\u00a0Defensa legal ante cualquier procedimiento judicial con el m\u00e1ximo rigor.<\/li><\/ul>\n\n\n\n<p>Nuestro equipo cuenta con una gran experiencia en las siguientes \u00e1reas del derecho:<\/p>\n\n\n\n<ul><li>Litigios<\/li><li>Penal<\/li><li>Mercantil<\/li><li>Societario<\/li><li>Civil<\/li><li>Administrativo<\/li><li>Procesal<\/li><li>Familia<\/li><li>Laboral<\/li><\/ul>\n","protected":false},"excerpt":{"rendered":"<p>Bienvenido\/a a la p\u00e1gina web de iphabogados: Somo un equipo de abogados profesionales con una alta cualificaci\u00f3n, larga trayectoria profesional y experiencia, que est\u00e1 en continuo avance e innovaci\u00f3n. Nuestro principal objetivo es proporcionar un buen servicio multidisciplinar al cliente, &hellip; <\/p>\n","protected":false},"author":1,"featured_media":34,"parent":0,"menu_order":0,"comment_status":"closed","ping_status":"closed","template":"","meta":[],"_links":{"self":[{"href":"https:\/\/iphabogados.es\/index.php\/wp-json\/wp\/v2\/pages\/2"}],"collection":[{"href":"https:\/\/iphabogados.es\/index.php\/wp-json\/wp\/v2\/pages"}],"about":[{"href":"https:\/\/iphabogados.es\/index.php\/wp-json\/wp\/v2\/types\/page"}],"author":[{"embeddable":true,"href":"https:\/\/iphabogados.es\/index.php\/wp-json\/wp\/v2\/users\/1"}],"replies":[{"embeddable":true,"href":"https:\/\/iphabogados.es\/index.php\/wp-json\/wp\/v2\/comments?post=2"}],"version-history":[{"count":5,"href":"https:\/\/iphabogados.es\/index.php\/wp-json\/wp\/v2\/pages\/2\/revisions"}],"predecessor-version":[{"id":44,"href":"https:\/\/iphabogados.es\/index.php\/wp-json\/wp\/v2\/pages\/2\/revisions\/44"}],"wp:featuredmedia":[{"embeddable":true,"href":"https:\/\/iphabogados.es\/index.php\/wp-json\/wp\/v2\/media\/34"}],"wp:attachment":[{"href":"https:\/\/iphabogados.es\/index.php\/wp-json\/wp\/v2\/media?parent=2"}],"curies":[{"name":"wp","href":"https:\/\/api.w.org\/{rel}","templated":true}]}}